{"id":2,"date":"2024-09-06T14:43:21","date_gmt":"2024-09-06T11:43:21","guid":{"rendered":"http:\/\/dayanismaekonomisi.org\/?page_id=2"},"modified":"2024-09-08T00:47:15","modified_gmt":"2024-09-07T21:47:15","slug":"iletisim","status":"publish","type":"page","link":"https:\/\/dayanismaekonomisi.org\/index.php\/iletisim\/","title":{"rendered":"\u0130leti\u015fim"},"content":{"rendered":"\n<div class=\"forminator-guttenberg\"><div class=\"forminator-ui forminator-custom-form forminator-custom-form-92 forminator-design--default  forminator_ajax\" data-forminator-render=\"0\" data-form=\"forminator-module-92\" data-uid=\"69fc5816e19bf\"><br\/><\/div><form\n\t\t\t\tid=\"forminator-module-92\"\n\t\t\t\tclass=\"forminator-ui forminator-custom-form forminator-custom-form-92 forminator-design--default  forminator_ajax\"\n\t\t\t\tmethod=\"post\"\n\t\t\t\tdata-forminator-render=\"0\"\n\t\t\t\tdata-form-id=\"92\"\n\t\t\t\t\n\t\t\t\tdata-design=\"default\"\n\t\t\t\t\n\t\t\t\t\n\t\t\t\t\n\t\t\t\tdata-grid=\"open\"\n\t\t\t\t\n\t\t\t\t\n\t\t\t\tstyle=\"display: none;\"\n\t\t\t\t\n\t\t\t\tdata-uid=\"69fc5816e19bf\"\n\t\t\t><div role=\"alert\" aria-live=\"polite\" class=\"forminator-response-message forminator-error\" aria-hidden=\"true\"><\/div><div class=\"forminator-row\"><div id=\"name-1\" class=\"forminator-field-name forminator-col forminator-col-12 \"><div class=\"forminator-field\"><label for=\"forminator-field-name-1_69fc5816e19bf\" id=\"forminator-field-name-1_69fc5816e19bf-label\" class=\"forminator-label\">Ad\u0131n\u0131z ve Soyad\u0131n\u0131z <span class=\"forminator-required\">*<\/span><\/label><input type=\"text\" name=\"name-1\" value=\"\" placeholder=\"\" id=\"forminator-field-name-1_69fc5816e19bf\" class=\"forminator-input forminator-name--field\" aria-required=\"true\" \/><\/div><\/div><\/div><div class=\"forminator-row\"><div id=\"email-1\" class=\"forminator-field-email forminator-col forminator-col-12 \"><div class=\"forminator-field\"><label for=\"forminator-field-email-1_69fc5816e19bf\" id=\"forminator-field-email-1_69fc5816e19bf-label\" class=\"forminator-label\">E-posta Adresiniz <span class=\"forminator-required\">*<\/span><\/label><input type=\"email\" name=\"email-1\" value=\"\" placeholder=\"\" id=\"forminator-field-email-1_69fc5816e19bf\" class=\"forminator-input forminator-email--field\" data-required=\"true\" aria-required=\"true\" \/><\/div><\/div><\/div><div class=\"forminator-row\"><div id=\"phone-1\" class=\"forminator-field-phone forminator-col forminator-col-12 \"><div class=\"forminator-field\"><label for=\"forminator-field-phone-1_69fc5816e19bf\" id=\"forminator-field-phone-1_69fc5816e19bf-label\" class=\"forminator-label\">Telefon Numaran\u0131z<\/label><input type=\"text\" name=\"phone-1\" value=\"\" placeholder=\"\" id=\"forminator-field-phone-1_69fc5816e19bf\" class=\"forminator-input forminator-field--phone\" data-required=\"\" aria-required=\"false\" autocomplete=\"off\" \/><\/div><\/div><\/div><div class=\"forminator-row\"><div id=\"textarea-1\" class=\"forminator-field-textarea forminator-col forminator-col-12 \"><div class=\"forminator-field\"><label for=\"forminator-field-textarea-1_69fc5816e19bf\" id=\"forminator-field-textarea-1_69fc5816e19bf-label\" class=\"forminator-label\">Mesaj\u0131n\u0131z<\/label><textarea name=\"textarea-1\" placeholder=\"Mesaj\u0131n\u0131z\u0131 giriniz...\" id=\"forminator-field-textarea-1_69fc5816e19bf\" class=\"forminator-textarea\" rows=\"6\" style=\"min-height:140px;\" maxlength=\"180\" ><\/textarea><span id=\"forminator-field-textarea-1_69fc5816e19bf-description\" class=\"forminator-description\"><span data-limit=\"180\" data-type=\"characters\">0 \/ 180<\/span><\/span><\/div><\/div><\/div><div class=\"forminator-row\"><div id=\"captcha-1\" class=\"forminator-field-captcha forminator-col forminator-col-12 \"><div class=\"forminator-captcha-left forminator-g-recaptcha recaptcha-invisible\" data-theme=\"light\" data-badge=\"bottomright\" data-sitekey=\"6LfiljkqAAAAAD3JIzTZduUgYpAdsVSI79i7o2qg\" data-size=\"invisible\"><\/div> <\/div><\/div><input type=\"hidden\" name=\"referer_url\" value=\"\" \/><div class=\"forminator-row forminator-row-last\"><div class=\"forminator-col\"><div class=\"forminator-field\"><button class=\"forminator-button forminator-button-submit\">Mesaj G&ouml;nder<\/button><\/div><\/div><\/div><input type=\"hidden\" id=\"forminator_nonce\" name=\"forminator_nonce\" value=\"12433913b3\" \/><input type=\"hidden\" name=\"_wp_http_referer\" value=\"\/index.php\/wp-json\/wp\/v2\/pages\/2\" \/><input type=\"hidden\" name=\"form_id\" value=\"92\"><input type=\"hidden\" name=\"page_id\" value=\"2\"><input type=\"hidden\" name=\"form_type\" value=\"default\"><input type=\"hidden\" name=\"current_url\" value=\"https:\/\/dayanismaekonomisi.org\/index.php\/iletisim\/\"><input type=\"hidden\" name=\"render_id\" value=\"0\"><input type=\"hidden\" name=\"action\" value=\"forminator_submit_form_custom-forms\"><\/form><\/div>\n\n\n\n<p><\/p>\n","protected":false},"excerpt":{"rendered":"","protected":false},"author":1,"featured_media":0,"parent":0,"menu_order":0,"comment_status":"closed","ping_status":"open","template":"","meta":{"footnotes":""},"class_list":["post-2","page","type-page","status-publish","hentry"],"rttpg_featured_image_url":null,"rttpg_author":{"display_name":"SamMerAl2024","author_link":"https:\/\/dayanismaekonomisi.org\/index.php\/author\/sammeral2024\/"},"rttpg_comment":0,"rttpg_category":null,"rttpg_excerpt":null,"_links":{"self":[{"href":"https:\/\/dayanismaekonomisi.org\/index.php\/wp-json\/wp\/v2\/pages\/2","targetHints":{"allow":["GET"]}}],"collection":[{"href":"https:\/\/dayanismaekonomisi.org\/index.php\/wp-json\/wp\/v2\/pages"}],"about":[{"href":"https:\/\/dayanismaekonomisi.org\/index.php\/wp-json\/wp\/v2\/types\/page"}],"author":[{"embeddable":true,"href":"https:\/\/dayanismaekonomisi.org\/index.php\/wp-json\/wp\/v2\/users\/1"}],"replies":[{"embeddable":true,"href":"https:\/\/dayanismaekonomisi.org\/index.php\/wp-json\/wp\/v2\/comments?post=2"}],"version-history":[{"count":2,"href":"https:\/\/dayanismaekonomisi.org\/index.php\/wp-json\/wp\/v2\/pages\/2\/revisions"}],"predecessor-version":[{"id":93,"href":"https:\/\/dayanismaekonomisi.org\/index.php\/wp-json\/wp\/v2\/pages\/2\/revisions\/93"}],"wp:attachment":[{"href":"https:\/\/dayanismaekonomisi.org\/index.php\/wp-json\/wp\/v2\/media?parent=2"}],"curies":[{"name":"wp","href":"https:\/\/api.w.org\/{rel}","templated":true}]}}